{"id":27,"date":"2021-04-06T11:15:22","date_gmt":"2021-04-06T14:15:22","guid":{"rendered":"https:\/\/wp.vieirafilho.com.br\/?page_id=27"},"modified":"2023-11-22T10:49:01","modified_gmt":"2023-11-22T13:49:01","slug":"recursos","status":"publish","type":"page","link":"https:\/\/www.vieirafilho.com.br\/en\/recursos\/","title":{"rendered":"Resources"},"content":{"rendered":"<div data-elementor-type=\"wp-page\" data-elementor-id=\"27\" class=\"elementor elementor-27\" data-elementor-post-type=\"page\">\n\t\t\t\t\t\t<section class=\"elementor-section elementor-top-section elementor-element elementor-element-60517af elementor-section-full_width elementor-section-stretched elementor-section-height-default elementor-section-height-default\" data-id=\"60517af\" data-element_type=\"section\" data-settings=\"{&quot;stretch_section&quot;:&quot;section-stretched&quot;,&quot;background_background&quot;:&quot;classic&quot;}\" data-e-bg-lazyload=\"\">\n\t\t\t\t\t\t<div class=\"elementor-container elementor-column-gap-default\">\n\t\t\t\t\t<div class=\"elementor-column elementor-col-100 elementor-top-column elementor-element elementor-element-4b89e97\" data-id=\"4b89e97\" data-element_type=\"column\">\n\t\t\t<div class=\"elementor-widget-wrap elementor-element-populated\">\n\t\t\t\t\t\t<div class=\"elementor-element elementor-element-73f46cb elementor-widget elementor-widget-heading\" data-id=\"73f46cb\" data-element_type=\"widget\" data-widget_type=\"heading.default\">\n\t\t\t\t<div class=\"elementor-widget-container\">\n\t\t\t<style>\/*! elementor - v3.20.0 - 13-03-2024 *\/\n.elementor-heading-title{padding:0;margin:0;line-height:1}.elementor-widget-heading .elementor-heading-title[class*=elementor-size-]>a{color:inherit;font-size:inherit;line-height:inherit}.elementor-widget-heading .elementor-heading-title.elementor-size-small{font-size:15px}.elementor-widget-heading .elementor-heading-title.elementor-size-medium{font-size:19px}.elementor-widget-heading .elementor-heading-title.elementor-size-large{font-size:29px}.elementor-widget-heading .elementor-heading-title.elementor-size-xl{font-size:39px}.elementor-widget-heading .elementor-heading-title.elementor-size-xxl{font-size:59px}<\/style><h2 class=\"elementor-heading-title elementor-size-default\">Resources<\/h2>\t\t<\/div>\n\t\t\t\t<\/div>\n\t\t\t\t\t<\/div>\n\t\t<\/div>\n\t\t\t\t\t<\/div>\n\t\t<\/section>\n\t\t\t\t<section class=\"elementor-section elementor-top-section elementor-element elementor-element-c87fce4 elementor-section-full_width elementor-section-height-default elementor-section-height-default\" data-id=\"c87fce4\" data-element_type=\"section\">\n\t\t\t\t\t\t<div class=\"elementor-container elementor-column-gap-default\">\n\t\t\t\t\t<div class=\"elementor-column elementor-col-50 elementor-top-column elementor-element elementor-element-374bd5b\" data-id=\"374bd5b\" data-element_type=\"column\" data-settings=\"{&quot;background_background&quot;:&quot;classic&quot;,&quot;motion_fx_motion_fx_mouse&quot;:&quot;yes&quot;}\">\n\t\t\t<div class=\"elementor-widget-wrap elementor-element-populated\">\n\t\t\t\t\t\t<section class=\"elementor-section elementor-inner-section elementor-element elementor-element-6bc0124 elementor-section-height-min-height elementor-section-full_width elementor-section-height-default\" data-id=\"6bc0124\" data-element_type=\"section\">\n\t\t\t\t\t\t<div class=\"elementor-container elementor-column-gap-default\">\n\t\t\t\t\t<div class=\"elementor-column elementor-col-100 elementor-inner-column elementor-element elementor-element-35bfbea\" data-id=\"35bfbea\" data-element_type=\"column\" data-settings=\"{&quot;background_background&quot;:&quot;classic&quot;}\" data-e-bg-lazyload=\".elementor-element-populated\">\n\t\t\t<div class=\"elementor-widget-wrap elementor-element-populated\">\n\t\t\t\t\t\t<div class=\"elementor-element elementor-element-8cae0e5 elementor-widget elementor-widget-heading\" data-id=\"8cae0e5\" data-element_type=\"widget\" data-widget_type=\"heading.default\">\n\t\t\t\t<div class=\"elementor-widget-container\">\n\t\t\t<h2 class=\"elementor-heading-title elementor-size-default\">Team<\/h2>\t\t<\/div>\n\t\t\t\t<\/div>\n\t\t\t\t<div class=\"elementor-element elementor-element-fe3c877 elementor-widget elementor-widget-text-editor\" data-id=\"fe3c877\" data-element_type=\"widget\" data-widget_type=\"text-editor.default\">\n\t\t\t\t<div class=\"elementor-widget-container\">\n\t\t\t<style>\/*! elementor - v3.20.0 - 13-03-2024 *\/\n.elementor-widget-text-editor.elementor-drop-cap-view-stacked .elementor-drop-cap{background-color:#69727d;color:#fff}.elementor-widget-text-editor.elementor-drop-cap-view-framed .elementor-drop-cap{color:#69727d;border:3px solid;background-color:transparent}.elementor-widget-text-editor:not(.elementor-drop-cap-view-default) .elementor-drop-cap{margin-top:8px}.elementor-widget-text-editor:not(.elementor-drop-cap-view-default) .elementor-drop-cap-letter{width:1em;height:1em}.elementor-widget-text-editor .elementor-drop-cap{float:left;text-align:center;line-height:1;font-size:50px}.elementor-widget-text-editor .elementor-drop-cap-letter{display:inline-block}<\/style>\t\t\t\t<p>Team of high degree senior engineers and designers with complementary specialties.<\/p>\t\t\t\t\t\t<\/div>\n\t\t\t\t<\/div>\n\t\t\t\t\t<\/div>\n\t\t<\/div>\n\t\t\t\t\t<\/div>\n\t\t<\/section>\n\t\t\t\t\t<\/div>\n\t\t<\/div>\n\t\t\t\t<div class=\"elementor-column elementor-col-50 elementor-top-column elementor-element elementor-element-a375b38\" data-id=\"a375b38\" data-element_type=\"column\" data-settings=\"{&quot;background_background&quot;:&quot;classic&quot;,&quot;motion_fx_motion_fx_mouse&quot;:&quot;yes&quot;}\">\n\t\t\t<div class=\"elementor-widget-wrap elementor-element-populated\">\n\t\t\t\t\t\t<section class=\"elementor-section elementor-inner-section elementor-element elementor-element-46e8e62 elementor-section-height-min-height elementor-section-boxed elementor-section-height-default\" data-id=\"46e8e62\" data-element_type=\"section\">\n\t\t\t\t\t\t<div class=\"elementor-container elementor-column-gap-default\">\n\t\t\t\t\t<div class=\"elementor-column elementor-col-100 elementor-inner-column elementor-element elementor-element-75ed452\" data-id=\"75ed452\" data-element_type=\"column\" data-settings=\"{&quot;background_background&quot;:&quot;classic&quot;}\" data-e-bg-lazyload=\".elementor-element-populated\">\n\t\t\t<div class=\"elementor-widget-wrap elementor-element-populated\">\n\t\t\t\t\t\t<div class=\"elementor-element elementor-element-22beba2 elementor-widget elementor-widget-heading\" data-id=\"22beba2\" data-element_type=\"widget\" data-widget_type=\"heading.default\">\n\t\t\t\t<div class=\"elementor-widget-container\">\n\t\t\t<h2 class=\"elementor-heading-title elementor-size-default\">Labs<\/h2>\t\t<\/div>\n\t\t\t\t<\/div>\n\t\t\t\t<div class=\"elementor-element elementor-element-8cb609b elementor-widget elementor-widget-text-editor\" data-id=\"8cb609b\" data-element_type=\"widget\" data-widget_type=\"text-editor.default\">\n\t\t\t\t<div class=\"elementor-widget-container\">\n\t\t\t\t\t\t\t<p>Labs with a rich set of instruments, from DC\nprecision bench meters to RF spectrum and\nnetwork analyzers, SDR transceiver and others.<\/p>\t\t\t\t\t\t<\/div>\n\t\t\t\t<\/div>\n\t\t\t\t\t<\/div>\n\t\t<\/div>\n\t\t\t\t\t<\/div>\n\t\t<\/section>\n\t\t\t\t\t<\/div>\n\t\t<\/div>\n\t\t\t\t\t<\/div>\n\t\t<\/section>\n\t\t\t\t<section class=\"elementor-section elementor-top-section elementor-element elementor-element-8fac802 elementor-section-full_width elementor-section-height-default elementor-section-height-default\" data-id=\"8fac802\" data-element_type=\"section\">\n\t\t\t\t\t\t<div class=\"elementor-container elementor-column-gap-default\">\n\t\t\t\t\t<div class=\"elementor-column elementor-col-100 elementor-top-column elementor-element elementor-element-16d2c48\" data-id=\"16d2c48\" data-element_type=\"column\">\n\t\t\t<div class=\"elementor-widget-wrap elementor-element-populated\">\n\t\t\t\t\t\t<div class=\"elementor-element elementor-element-418e02c elementor-widget elementor-widget-heading\" data-id=\"418e02c\" data-element_type=\"widget\" data-widget_type=\"heading.default\">\n\t\t\t\t<div class=\"elementor-widget-container\">\n\t\t\t<h2 class=\"elementor-heading-title elementor-size-default\">World Class Software<\/h2>\t\t<\/div>\n\t\t\t\t<\/div>\n\t\t\t\t<div class=\"elementor-element elementor-element-0113a2e elementor-widget elementor-widget-text-editor\" data-id=\"0113a2e\" data-element_type=\"widget\" data-widget_type=\"text-editor.default\">\n\t\t\t\t<div class=\"elementor-widget-container\">\n\t\t\t\t\t\t\t<p>For mechanical, mathematical and hardware systems, simulation, firmware and software.<\/p>\t\t\t\t\t\t<\/div>\n\t\t\t\t<\/div>\n\t\t\t\t<section class=\"elementor-section elementor-inner-section elementor-element elementor-element-2f5e8f9 elementor-section-boxed elementor-section-height-default elementor-section-height-default\" data-id=\"2f5e8f9\" data-element_type=\"section\">\n\t\t\t\t\t\t<div class=\"elementor-container elementor-column-gap-wide\">\n\t\t\t\t\t<div class=\"elementor-column elementor-col-20 elementor-inner-column elementor-element elementor-element-33b7b67\" data-id=\"33b7b67\" data-element_type=\"column\">\n\t\t\t<div class=\"elementor-widget-wrap elementor-element-populated\">\n\t\t\t\t\t\t<div class=\"elementor-element elementor-element-11764f1 elementor-widget elementor-widget-image\" data-id=\"11764f1\" data-element_type=\"widget\" data-widget_type=\"image.default\">\n\t\t\t\t<div class=\"elementor-widget-container\">\n\t\t\t<style>\/*! elementor - v3.20.0 - 13-03-2024 *\/\n.elementor-widget-image{text-align:center}.elementor-widget-image a{display:inline-block}.elementor-widget-image a img[src$=\".svg\"]{width:48px}.elementor-widget-image img{vertical-align:middle;display:inline-block}<\/style>\t\t\t\t\t\t\t\t\t\t<img decoding=\"async\" width=\"224\" height=\"67\" src=\"https:\/\/www.vieirafilho.com.br\/wp-content\/uploads\/2023\/08\/keil-logo-01.png\" class=\"attachment-full size-full wp-image-4685\" alt=\"\" srcset=\"https:\/\/www.vieirafilho.com.br\/wp-content\/uploads\/2023\/08\/keil-logo-01.png 224w, https:\/\/www.vieirafilho.com.br\/wp-content\/uploads\/2023\/08\/keil-logo-01-18x5.png 18w\" sizes=\"(max-width: 224px) 100vw, 224px\" style=\"width:100%;height:29.91%;max-width:224px\" \/>\t\t\t\t\t\t\t\t\t\t\t\t\t<\/div>\n\t\t\t\t<\/div>\n\t\t\t\t\t<\/div>\n\t\t<\/div>\n\t\t\t\t<div class=\"elementor-column elementor-col-20 elementor-inner-column elementor-element elementor-element-aed6366\" data-id=\"aed6366\" data-element_type=\"column\">\n\t\t\t<div class=\"elementor-widget-wrap elementor-element-populated\">\n\t\t\t\t\t\t<div class=\"elementor-element elementor-element-c5ddd46 elementor-widget elementor-widget-image\" data-id=\"c5ddd46\" data-element_type=\"widget\" data-widget_type=\"image.default\">\n\t\t\t\t<div class=\"elementor-widget-container\">\n\t\t\t\t\t\t\t\t\t\t\t\t\t<img decoding=\"async\" width=\"180\" height=\"41\" src=\"https:\/\/www.vieirafilho.com.br\/wp-content\/uploads\/2023\/08\/altium-logo-01.png\" class=\"attachment-full size-full wp-image-4681\" alt=\"\" srcset=\"https:\/\/www.vieirafilho.com.br\/wp-content\/uploads\/2023\/08\/altium-logo-01.png 180w, https:\/\/www.vieirafilho.com.br\/wp-content\/uploads\/2023\/08\/altium-logo-01-18x4.png 18w\" sizes=\"(max-width: 180px) 100vw, 180px\" style=\"width:100%;height:22.78%;max-width:180px\" \/>\t\t\t\t\t\t\t\t\t\t\t\t\t<\/div>\n\t\t\t\t<\/div>\n\t\t\t\t\t<\/div>\n\t\t<\/div>\n\t\t\t\t<div class=\"elementor-column elementor-col-20 elementor-inner-column elementor-element elementor-element-80259dd\" data-id=\"80259dd\" data-element_type=\"column\">\n\t\t\t<div class=\"elementor-widget-wrap elementor-element-populated\">\n\t\t\t\t\t\t<div class=\"elementor-element elementor-element-9831bf2 elementor-widget elementor-widget-image\" data-id=\"9831bf2\" data-element_type=\"widget\" data-widget_type=\"image.default\">\n\t\t\t\t<div class=\"elementor-widget-container\">\n\t\t\t\t\t\t\t\t\t\t\t\t\t<img decoding=\"async\" width=\"249\" height=\"52\" src=\"https:\/\/www.vieirafilho.com.br\/wp-content\/uploads\/2023\/08\/solid-logo-01.png\" class=\"attachment-full size-full wp-image-4688\" alt=\"\" srcset=\"https:\/\/www.vieirafilho.com.br\/wp-content\/uploads\/2023\/08\/solid-logo-01.png 249w, https:\/\/www.vieirafilho.com.br\/wp-content\/uploads\/2023\/08\/solid-logo-01-18x4.png 18w\" sizes=\"(max-width: 249px) 100vw, 249px\" style=\"width:100%;height:20.88%;max-width:249px\" \/>\t\t\t\t\t\t\t\t\t\t\t\t\t<\/div>\n\t\t\t\t<\/div>\n\t\t\t\t\t<\/div>\n\t\t<\/div>\n\t\t\t\t<div class=\"elementor-column elementor-col-20 elementor-inner-column elementor-element elementor-element-42700f7\" data-id=\"42700f7\" data-element_type=\"column\">\n\t\t\t<div class=\"elementor-widget-wrap elementor-element-populated\">\n\t\t\t\t\t\t<div class=\"elementor-element elementor-element-06990fb elementor-widget elementor-widget-image\" data-id=\"06990fb\" data-element_type=\"widget\" data-widget_type=\"image.default\">\n\t\t\t\t<div class=\"elementor-widget-container\">\n\t\t\t\t\t\t\t\t\t\t\t\t\t<img loading=\"lazy\" decoding=\"async\" width=\"168\" height=\"95\" src=\"https:\/\/www.vieirafilho.com.br\/wp-content\/uploads\/2023\/08\/matlab-logo-01.png\" class=\"attachment-full size-full wp-image-4686\" alt=\"\" srcset=\"https:\/\/www.vieirafilho.com.br\/wp-content\/uploads\/2023\/08\/matlab-logo-01.png 168w, https:\/\/www.vieirafilho.com.br\/wp-content\/uploads\/2023\/08\/matlab-logo-01-18x10.png 18w\" sizes=\"(max-width: 168px) 100vw, 168px\" style=\"width:100%;height:56.55%;max-width:168px\" \/>\t\t\t\t\t\t\t\t\t\t\t\t\t<\/div>\n\t\t\t\t<\/div>\n\t\t\t\t\t<\/div>\n\t\t<\/div>\n\t\t\t\t<div class=\"elementor-column elementor-col-20 elementor-inner-column elementor-element elementor-element-1340d23\" data-id=\"1340d23\" data-element_type=\"column\">\n\t\t\t<div class=\"elementor-widget-wrap elementor-element-populated\">\n\t\t\t\t\t\t<div class=\"elementor-element elementor-element-a796484 elementor-widget elementor-widget-image\" data-id=\"a796484\" data-element_type=\"widget\" data-widget_type=\"image.default\">\n\t\t\t\t<div class=\"elementor-widget-container\">\n\t\t\t\t\t\t\t\t\t\t\t\t\t<img loading=\"lazy\" decoding=\"async\" width=\"102\" height=\"76\" src=\"https:\/\/www.vieirafilho.com.br\/wp-content\/uploads\/2023\/08\/qt-logo-01.png\" class=\"attachment-full size-full wp-image-4687\" alt=\"\" srcset=\"https:\/\/www.vieirafilho.com.br\/wp-content\/uploads\/2023\/08\/qt-logo-01.png 102w, https:\/\/www.vieirafilho.com.br\/wp-content\/uploads\/2023\/08\/qt-logo-01-16x12.png 16w\" sizes=\"(max-width: 102px) 100vw, 102px\" style=\"width:100%;height:74.51%;max-width:102px\" \/>\t\t\t\t\t\t\t\t\t\t\t\t\t<\/div>\n\t\t\t\t<\/div>\n\t\t\t\t\t<\/div>\n\t\t<\/div>\n\t\t\t\t\t<\/div>\n\t\t<\/section>\n\t\t\t\t\t<\/div>\n\t\t<\/div>\n\t\t\t\t\t<\/div>\n\t\t<\/section>\n\t\t\t\t<section class=\"elementor-section elementor-top-section elementor-element elementor-element-b50ca89 elementor-section-boxed elementor-section-height-default elementor-section-height-default\" data-id=\"b50ca89\" data-element_type=\"section\">\n\t\t\t\t\t\t<div class=\"elementor-container elementor-column-gap-default\">\n\t\t\t\t\t<div class=\"elementor-column elementor-col-100 elementor-top-column elementor-element elementor-element-4a440d8\" data-id=\"4a440d8\" data-element_type=\"column\">\n\t\t\t<div class=\"elementor-widget-wrap elementor-element-populated\">\n\t\t\t\t\t\t<div class=\"elementor-element elementor-element-b3c1269 elementor-widget elementor-widget-menu-anchor\" data-id=\"b3c1269\" data-element_type=\"widget\" data-widget_type=\"menu-anchor.default\">\n\t\t\t\t<div class=\"elementor-widget-container\">\n\t\t\t<style>\/*! elementor - v3.20.0 - 13-03-2024 *\/\nbody.elementor-page .elementor-widget-menu-anchor{margin-bottom:0}<\/style>\t\t<div id=\"recursos\" class=\"elementor-menu-anchor\"><\/div>\n\t\t\t\t<\/div>\n\t\t\t\t<\/div>\n\t\t\t\t\t<\/div>\n\t\t<\/div>\n\t\t\t\t\t<\/div>\n\t\t<\/section>\n\t\t\t\t<section class=\"elementor-section elementor-top-section elementor-element elementor-element-185f25f elementor-section-full_width elementor-section-height-min-height elementor-section-items-bottom elementor-section-height-default\" data-id=\"185f25f\" data-element_type=\"section\" data-settings=\"{&quot;background_background&quot;:&quot;classic&quot;}\" data-e-bg-lazyload=\"\">\n\t\t\t\t\t\t<div class=\"elementor-container elementor-column-gap-default\">\n\t\t\t\t\t<div class=\"elementor-column elementor-col-100 elementor-top-column elementor-element elementor-element-8c7e79a\" data-id=\"8c7e79a\" data-element_type=\"column\">\n\t\t\t<div class=\"elementor-widget-wrap elementor-element-populated\">\n\t\t\t\t\t\t<div class=\"elementor-element elementor-element-bedf1b6 elementor-widget elementor-widget-heading\" data-id=\"bedf1b6\" data-element_type=\"widget\" data-widget_type=\"heading.default\">\n\t\t\t\t<div class=\"elementor-widget-container\">\n\t\t\t<h2 class=\"elementor-heading-title elementor-size-default\">In-house<\/h2>\t\t<\/div>\n\t\t\t\t<\/div>\n\t\t\t\t<div class=\"elementor-element elementor-element-ba515f4 elementor-widget elementor-widget-text-editor\" data-id=\"ba515f4\" data-element_type=\"widget\" data-widget_type=\"text-editor.default\">\n\t\t\t\t<div class=\"elementor-widget-container\">\n\t\t\t\t\t\t\t<p>SMD PCB assembly line and 3D printing for rapid prototyping of fully functional products.<br>UV overlay printer, laser engraving machine, CNC laser cutting machine and CNC router to enable rapid prototyping.<\/p>\t\t\t\t\t\t<\/div>\n\t\t\t\t<\/div>\n\t\t\t\t\t<\/div>\n\t\t<\/div>\n\t\t\t\t\t<\/div>\n\t\t<\/section>\n\t\t\t\t<section class=\"elementor-section elementor-top-section elementor-element elementor-element-4560d75 elementor-section-full_width elementor-section-height-default elementor-section-height-default\" data-id=\"4560d75\" data-element_type=\"section\">\n\t\t\t\t\t\t<div class=\"elementor-container elementor-column-gap-default\">\n\t\t\t\t\t<div class=\"elementor-column elementor-col-50 elementor-top-column elementor-element elementor-element-79c98fe\" data-id=\"79c98fe\" data-element_type=\"column\">\n\t\t\t<div class=\"elementor-widget-wrap elementor-element-populated\">\n\t\t\t\t\t\t<div class=\"elementor-element elementor-element-ab44772 elementor-widget elementor-widget-image\" data-id=\"ab44772\" data-element_type=\"widget\" data-widget_type=\"image.default\">\n\t\t\t\t<div class=\"elementor-widget-container\">\n\t\t\t\t\t\t\t\t\t\t\t\t\t<img loading=\"lazy\" decoding=\"async\" width=\"600\" height=\"367\" src=\"https:\/\/www.vieirafilho.com.br\/wp-content\/uploads\/2023\/08\/inventory-01.png\" class=\"attachment-full size-full wp-image-4684\" alt=\"\" srcset=\"https:\/\/www.vieirafilho.com.br\/wp-content\/uploads\/2023\/08\/inventory-01.png 600w, https:\/\/www.vieirafilho.com.br\/wp-content\/uploads\/2023\/08\/inventory-01-300x184.png 300w, https:\/\/www.vieirafilho.com.br\/wp-content\/uploads\/2023\/08\/inventory-01-18x12.png 18w\" sizes=\"(max-width: 600px) 100vw, 600px\" style=\"width:100%;height:61.17%;max-width:600px\" \/>\t\t\t\t\t\t\t\t\t\t\t\t\t<\/div>\n\t\t\t\t<\/div>\n\t\t\t\t<div class=\"elementor-element elementor-element-7d31095 elementor-widget elementor-widget-heading\" data-id=\"7d31095\" data-element_type=\"widget\" data-widget_type=\"heading.default\">\n\t\t\t\t<div class=\"elementor-widget-container\">\n\t\t\t<h2 class=\"elementor-heading-title elementor-size-default\">Local Inventory<\/h2>\t\t<\/div>\n\t\t\t\t<\/div>\n\t\t\t\t<div class=\"elementor-element elementor-element-d024080 elementor-widget elementor-widget-text-editor\" data-id=\"d024080\" data-element_type=\"widget\" data-widget_type=\"text-editor.default\">\n\t\t\t\t<div class=\"elementor-widget-container\">\n\t\t\t\t\t\t\t<p>Thousands of electronic components and parts for rapid development and prototype.<\/p>\t\t\t\t\t\t<\/div>\n\t\t\t\t<\/div>\n\t\t\t\t\t<\/div>\n\t\t<\/div>\n\t\t\t\t<div class=\"elementor-column elementor-col-50 elementor-top-column elementor-element elementor-element-b59264a\" data-id=\"b59264a\" data-element_type=\"column\">\n\t\t\t<div class=\"elementor-widget-wrap elementor-element-populated\">\n\t\t\t\t\t\t<div class=\"elementor-element elementor-element-342d518 elementor-widget elementor-widget-image\" data-id=\"342d518\" data-element_type=\"widget\" data-widget_type=\"image.default\">\n\t\t\t\t<div class=\"elementor-widget-container\">\n\t\t\t\t\t\t\t\t\t\t\t\t\t<img loading=\"lazy\" decoding=\"async\" width=\"600\" height=\"367\" src=\"https:\/\/www.vieirafilho.com.br\/wp-content\/uploads\/2023\/08\/system-01.png\" class=\"attachment-full size-full wp-image-4689\" alt=\"\" srcset=\"https:\/\/www.vieirafilho.com.br\/wp-content\/uploads\/2023\/08\/system-01.png 600w, https:\/\/www.vieirafilho.com.br\/wp-content\/uploads\/2023\/08\/system-01-300x184.png 300w, https:\/\/www.vieirafilho.com.br\/wp-content\/uploads\/2023\/08\/system-01-18x12.png 18w\" sizes=\"(max-width: 600px) 100vw, 600px\" style=\"width:100%;height:61.17%;max-width:600px\" \/>\t\t\t\t\t\t\t\t\t\t\t\t\t<\/div>\n\t\t\t\t<\/div>\n\t\t\t\t<div class=\"elementor-element elementor-element-e9ca3ad elementor-widget elementor-widget-heading\" data-id=\"e9ca3ad\" data-element_type=\"widget\" data-widget_type=\"heading.default\">\n\t\t\t\t<div class=\"elementor-widget-container\">\n\t\t\t<h2 class=\"elementor-heading-title elementor-size-default\">Systems<\/h2>\t\t<\/div>\n\t\t\t\t<\/div>\n\t\t\t\t<div class=\"elementor-element elementor-element-d21ed01 elementor-widget elementor-widget-text-editor\" data-id=\"d21ed01\" data-element_type=\"widget\" data-widget_type=\"text-editor.default\">\n\t\t\t\t<div class=\"elementor-widget-container\">\n\t\t\t\t\t\t\t<p>Full integrated EAD,CAD, CAM and MRP. All digital quality management system with traceability.<\/p>\t\t\t\t\t\t<\/div>\n\t\t\t\t<\/div>\n\t\t\t\t\t<\/div>\n\t\t<\/div>\n\t\t\t\t\t<\/div>\n\t\t<\/section>\n\t\t\t\t<\/div>","protected":false},"excerpt":{"rendered":"<p>Recursos Equipe Engenheiros e projetistas seniores de alto grau, com experi\u00eancias e especialidades complementares. Laborat\u00f3rios\u200b\u200b Laborat\u00f3rios com medidores de bancada de precis\u00e3o DC at\u00e9 espectros de RF e analisadores de rede, transceptor SDR e outros.\u200b Softwares de categoria mundial Para mec\u00e2nica, matem\u00e1tica e sistemas de hardware, simula\u00e7\u00e3o, firmware e software. Prototipa\u00e7\u00e3o Interna Linha de montagem&hellip; <a class=\"more-link\" href=\"https:\/\/www.vieirafilho.com.br\/en\/recursos\/\">Continue reading <span class=\"screen-reader-text\">Resources<\/span><\/a><\/p>","protected":false},"author":3,"featured_media":0,"parent":0,"menu_order":0,"comment_status":"closed","ping_status":"closed","template":"elementor_header_footer","meta":[],"_links":{"self":[{"href":"https:\/\/www.vieirafilho.com.br\/en\/wp-json\/wp\/v2\/pages\/27"}],"collection":[{"href":"https:\/\/www.vieirafilho.com.br\/en\/wp-json\/wp\/v2\/pages"}],"about":[{"href":"https:\/\/www.vieirafilho.com.br\/en\/wp-json\/wp\/v2\/types\/page"}],"author":[{"embeddable":true,"href":"https:\/\/www.vieirafilho.com.br\/en\/wp-json\/wp\/v2\/users\/3"}],"replies":[{"embeddable":true,"href":"https:\/\/www.vieirafilho.com.br\/en\/wp-json\/wp\/v2\/comments?post=27"}],"version-history":[{"count":605,"href":"https:\/\/www.vieirafilho.com.br\/en\/wp-json\/wp\/v2\/pages\/27\/revisions"}],"predecessor-version":[{"id":5247,"href":"https:\/\/www.vieirafilho.com.br\/en\/wp-json\/wp\/v2\/pages\/27\/revisions\/5247"}],"wp:attachment":[{"href":"https:\/\/www.vieirafilho.com.br\/en\/wp-json\/wp\/v2\/media?parent=27"}],"curies":[{"name":"wp","href":"https:\/\/api.w.org\/{rel}","templated":true}]}}